{"id":41,"date":"2018-02-06T16:29:28","date_gmt":"2018-02-06T15:29:28","guid":{"rendered":"http:\/\/www.beilharz.de\/man\/?page_id=41"},"modified":"2018-11-26T13:01:39","modified_gmt":"2018-11-26T12:01:39","slug":"team","status":"publish","type":"page","link":"https:\/\/www.beilharz.de\/man\/team\/","title":{"rendered":"Kontakt"},"content":{"rendered":"<p><strong>Beilharz Nutzfahrzeuge Essen GmbH<\/strong><br \/>\nBamlerstra\u00dfe 15<br \/>\n45141 Essen<\/p>\n<p>Telefax: (0201) 5 22 79-02<br \/>\neMail: beilharz-e(at)beilharz.de<\/p>\n<p><strong>Serviceannahme<\/strong><br \/>\nTelefon: (0201) 5 22 79-00<\/p>\n<p><strong>Ersatzteile<\/strong><br \/>\nTelefon: (0201) 522 79-01<\/p>\n<p><strong>MAN MOBILE24<\/strong><br \/>\nTel. 00800 66 24 53 24 (00800 Mobile24)*<br \/>\n* Festnetz kostenlos. Mobilfunkgeb\u00fchren k\u00f6nnen je nach Anbieter variieren. Unterst\u00fctzt Ihr Provider freecall-Nummern nicht, w\u00e4hlen Sie bitte +49 1805 35 35 33 23 (14ct\/min aus dem dt. Festnetz. Preise aus Mobilfunknetz und Ausland abh\u00e4ngig vom Tarif).<\/p>\n","protected":false},"excerpt":{"rendered":"<p>Beilharz Nutzfahrzeuge Essen GmbH Bamlerstra\u00dfe 15 45141 Essen Telefax: (0201) 5 22 79-02&#8230;<\/p>\n","protected":false},"author":2,"featured_media":0,"parent":0,"menu_order":0,"comment_status":"closed","ping_status":"closed","template":"","meta":[],"acf":[],"_links":{"self":[{"href":"https:\/\/www.beilharz.de\/man\/wp-json\/wp\/v2\/pages\/41"}],"collection":[{"href":"https:\/\/www.beilharz.de\/man\/wp-json\/wp\/v2\/pages"}],"about":[{"href":"https:\/\/www.beilharz.de\/man\/wp-json\/wp\/v2\/types\/page"}],"author":[{"embeddable":true,"href":"https:\/\/www.beilharz.de\/man\/wp-json\/wp\/v2\/users\/2"}],"replies":[{"embeddable":true,"href":"https:\/\/www.beilharz.de\/man\/wp-json\/wp\/v2\/comments?post=41"}],"version-history":[{"count":9,"href":"https:\/\/www.beilharz.de\/man\/wp-json\/wp\/v2\/pages\/41\/revisions"}],"predecessor-version":[{"id":123,"href":"https:\/\/www.beilharz.de\/man\/wp-json\/wp\/v2\/pages\/41\/revisions\/123"}],"wp:attachment":[{"href":"https:\/\/www.beilharz.de\/man\/wp-json\/wp\/v2\/media?parent=41"}],"curies":[{"name":"wp","href":"https:\/\/api.w.org\/{rel}","templated":true}]}}