{"id":44,"date":"2018-02-06T17:01:59","date_gmt":"2018-02-06T16:01:59","guid":{"rendered":"http:\/\/www.beilharz.de\/man\/?page_id=44"},"modified":"2018-02-07T16:07:54","modified_gmt":"2018-02-07T15:07:54","slug":"service","status":"publish","type":"page","link":"https:\/\/www.beilharz.de\/man\/service\/","title":{"rendered":"Service"},"content":{"rendered":"<p>Als autorisierter Servicepartner der MAN Truck &amp; Bus bieten wir das komplette Leistungsspektrum rund um MAN Trucks und Busse. S\u00e4mtliche Reparaturen, angefangen bei der KFZ-Technik \u00fcber die Brems- und Pr\u00fcftechnik und Karosserieinstandsetzung bis hin zum Wasch-Service k\u00f6nnen bei nur einem \u201eStop\u201c durchgef\u00fchrt werden.<\/p>\n<p>Garantiearbeiten oder Arbeiten an Fahrzeugen, die sich im Reparatur- und Wartungsvertrag befinden, rechnen wir direkt mit MAN ab.<\/p>\n<p>Egal ob Truck, Trailer oder Bus: Mit unserem KomplettService bieten wir einen echten \u201eOne-Stop-Service\u201c f\u00fcr Nutzfahrzeuge. S\u00e4mtliche Arbeiten, angefangen bei der KFZ-Technik \u00fcber die Brems- und Pr\u00fcftechnik, Karosserieinstandsetzung und Lackierung bis hin zum Wasch-Service, k\u00f6nnen bei nur einem \u201eStop\u201c in unseren Werkst\u00e4tten durchgef\u00fchrt werden.<\/p>\n<p>Das Ergebnis ist eine effektive und schnelle Bearbeitung ohne lange Standzeiten. Ausfallzeiten der Fahrzeuge werden auf ein Minimum reduziert.<\/p>\n","protected":false},"excerpt":{"rendered":"<p>Als autorisierter Servicepartner der MAN Truck &amp; Bus bieten wir das komplette Leistungsspektrum&#8230;<\/p>\n","protected":false},"author":2,"featured_media":0,"parent":0,"menu_order":0,"comment_status":"closed","ping_status":"closed","template":"","meta":[],"acf":[],"_links":{"self":[{"href":"https:\/\/www.beilharz.de\/man\/wp-json\/wp\/v2\/pages\/44"}],"collection":[{"href":"https:\/\/www.beilharz.de\/man\/wp-json\/wp\/v2\/pages"}],"about":[{"href":"https:\/\/www.beilharz.de\/man\/wp-json\/wp\/v2\/types\/page"}],"author":[{"embeddable":true,"href":"https:\/\/www.beilharz.de\/man\/wp-json\/wp\/v2\/users\/2"}],"replies":[{"embeddable":true,"href":"https:\/\/www.beilharz.de\/man\/wp-json\/wp\/v2\/comments?post=44"}],"version-history":[{"count":8,"href":"https:\/\/www.beilharz.de\/man\/wp-json\/wp\/v2\/pages\/44\/revisions"}],"predecessor-version":[{"id":96,"href":"https:\/\/www.beilharz.de\/man\/wp-json\/wp\/v2\/pages\/44\/revisions\/96"}],"wp:attachment":[{"href":"https:\/\/www.beilharz.de\/man\/wp-json\/wp\/v2\/media?parent=44"}],"curies":[{"name":"wp","href":"https:\/\/api.w.org\/{rel}","templated":true}]}}