{"id":6,"date":"2018-02-05T14:04:40","date_gmt":"2018-02-05T13:04:40","guid":{"rendered":"http:\/\/www.beilharz.de\/man\/?page_id=6"},"modified":"2018-02-08T17:08:29","modified_gmt":"2018-02-08T16:08:29","slug":"man-lkw","status":"publish","type":"page","link":"https:\/\/www.beilharz.de\/man\/","title":{"rendered":"Beilharz Nutzfahrzeuge &#8211; Servicepartner der MAN Truck &#038; Bus"},"content":{"rendered":"<p>Als autorisierter Servicepartner der MAN Truck &amp; Bus bieten wir an unserem Standort in Essen das komplette Leistungsspektrum rund um MAN Trucks und Busse. S\u00e4mtliche Reparaturen, angefangen bei der KFZ-Technik \u00fcber die Brems- und Pr\u00fcftechnik und Karosserieinstandsetzung bis hin zum Wasch-Service k\u00f6nnen bei nur einem \u201eStop\u201c durchgef\u00fchrt werden.<\/p>\n<p>Garantiearbeiten oder Arbeiten an Fahrzeugen, die sich im Reparatur- und Wartungsvertrag befinden, rechnen wir direkt mit MAN ab.<\/p>\n<h2>MAN-Service<\/h2>\n<p>Unser MAN-Service sichert die Verf\u00fcgbarkeit und Einsatzf\u00e4higkeit unserer Kundenfahrzeuge.<br \/>\nAber es geht nicht nur um Mobilit\u00e4t. Es geht um mehr Leistung f\u00fcr unsere Kunden, um weniger Kosten in Administration und Fuhrpark, um mehr Investitionssicherheit und weniger Risiken.<\/p>\n<h3>Ersatzteilverkauf<\/h3>\n<p>MAN Ersatzteile stehen f\u00fcr bestm\u00f6gliche Qualit\u00e4t und h\u00f6chstm\u00f6gliche Zuverl\u00e4ssigkeit. Das bedeutet ein hervorragendes Preis-Leistungsverh\u00e4ltnis. Denn durch den Einsatz von Original-MAN-Ersatzteilen wird sichergestellt, dass die Gesamtkosten f\u00fcr den Betrieb eines Fahrzeugs m\u00f6glichst niedrig bleiben.<\/p>\n","protected":false},"excerpt":{"rendered":"<p>Als autorisierter Servicepartner der MAN Truck &amp; Bus bieten wir an unserem Standort&#8230;<\/p>\n","protected":false},"author":1,"featured_media":0,"parent":0,"menu_order":0,"comment_status":"closed","ping_status":"closed","template":"index.php","meta":[],"acf":[],"_links":{"self":[{"href":"https:\/\/www.beilharz.de\/man\/wp-json\/wp\/v2\/pages\/6"}],"collection":[{"href":"https:\/\/www.beilharz.de\/man\/wp-json\/wp\/v2\/pages"}],"about":[{"href":"https:\/\/www.beilharz.de\/man\/wp-json\/wp\/v2\/types\/page"}],"author":[{"embeddable":true,"href":"https:\/\/www.beilharz.de\/man\/wp-json\/wp\/v2\/users\/1"}],"replies":[{"embeddable":true,"href":"https:\/\/www.beilharz.de\/man\/wp-json\/wp\/v2\/comments?post=6"}],"version-history":[{"count":6,"href":"https:\/\/www.beilharz.de\/man\/wp-json\/wp\/v2\/pages\/6\/revisions"}],"predecessor-version":[{"id":102,"href":"https:\/\/www.beilharz.de\/man\/wp-json\/wp\/v2\/pages\/6\/revisions\/102"}],"wp:attachment":[{"href":"https:\/\/www.beilharz.de\/man\/wp-json\/wp\/v2\/media?parent=6"}],"curies":[{"name":"wp","href":"https:\/\/api.w.org\/{rel}","templated":true}]}}