{"id":61,"date":"2018-02-07T14:09:29","date_gmt":"2018-02-07T13:09:29","guid":{"rendered":"http:\/\/www.beilharz.de\/man\/?page_id=61"},"modified":"2018-02-07T17:00:53","modified_gmt":"2018-02-07T16:00:53","slug":"ersatzteile","status":"publish","type":"page","link":"https:\/\/www.beilharz.de\/man\/ersatzteile\/","title":{"rendered":"Ersatzteile"},"content":{"rendered":"<p>Wer sich f\u00fcr einen MAN entscheidet, w\u00e4hlt exzellente Qualit\u00e4t. Warum also sollten Sie sich bei Ersatzteilen mit weniger zufriedengeben? Bei uns erhalten Sie MAN Original Teile die Ihnen die Sicherheit geben, auf beste Qualit\u00e4t abzufahren. Sie werden nach MAN Richtlinien gefertigt und sorgf\u00e4ltig auf die Einhaltung\u00a0strengster Qualit\u00e4tsstandards gepr\u00fcft und \u00fcberzeugen durch h\u00f6chste Zuverl\u00e4ssigkeit und Wirtschaftlichkeit. Hinzu kommt die Gew\u00e4hrleistung von zw\u00f6lf Monaten mit weltweiter Geltung. Das ist Qualit\u00e4t, auf die Verlass ist.<\/p>\n<p>In unseren Ersatzteil-Center in Essen, Gelsenkirchen und Duisburg, bieten wir s\u00e4mtliche wichtigen Teile von der Beleuchtung \u00fcber Spiegel und Klimaanlage bis hin zu Motoren- und Antriebsteilen \u2013 nicht zu vergessen Komponenten f\u00fcr Bremse, Lenkung und D\u00e4mpfung.<\/p>\n","protected":false},"excerpt":{"rendered":"<p>Wer sich f\u00fcr einen MAN entscheidet, w\u00e4hlt exzellente Qualit\u00e4t. Warum also sollten Sie&#8230;<\/p>\n","protected":false},"author":2,"featured_media":0,"parent":0,"menu_order":0,"comment_status":"closed","ping_status":"closed","template":"","meta":[],"acf":[],"_links":{"self":[{"href":"https:\/\/www.beilharz.de\/man\/wp-json\/wp\/v2\/pages\/61"}],"collection":[{"href":"https:\/\/www.beilharz.de\/man\/wp-json\/wp\/v2\/pages"}],"about":[{"href":"https:\/\/www.beilharz.de\/man\/wp-json\/wp\/v2\/types\/page"}],"author":[{"embeddable":true,"href":"https:\/\/www.beilharz.de\/man\/wp-json\/wp\/v2\/users\/2"}],"replies":[{"embeddable":true,"href":"https:\/\/www.beilharz.de\/man\/wp-json\/wp\/v2\/comments?post=61"}],"version-history":[{"count":13,"href":"https:\/\/www.beilharz.de\/man\/wp-json\/wp\/v2\/pages\/61\/revisions"}],"predecessor-version":[{"id":97,"href":"https:\/\/www.beilharz.de\/man\/wp-json\/wp\/v2\/pages\/61\/revisions\/97"}],"wp:attachment":[{"href":"https:\/\/www.beilharz.de\/man\/wp-json\/wp\/v2\/media?parent=61"}],"curies":[{"name":"wp","href":"https:\/\/api.w.org\/{rel}","templated":true}]}}